{"id":47,"date":"2021-03-01T17:46:53","date_gmt":"2021-03-01T16:46:53","guid":{"rendered":"https:\/\/www.autal.at\/wordpress\/?page_id=47"},"modified":"2026-02-25T10:56:53","modified_gmt":"2026-02-25T09:56:53","slug":"termine","status":"publish","type":"page","link":"https:\/\/www.autal.at\/wordpress\/termine\/","title":{"rendered":"Pfarrkalender"},"content":{"rendered":"\n<p><\/p>\n\n\n<div class=\"wp-block-image is-style-rounded\">\n<figure class=\"aligncenter size-full is-resized\"><img loading=\"lazy\" decoding=\"async\" width=\"512\" height=\"512\" src=\"https:\/\/www.autal.at\/wordpress\/wp-content\/uploads\/cropped-background-2.jpg\" alt=\"\" class=\"wp-image-71\" style=\"width:256px;height:256px\" srcset=\"https:\/\/www.autal.at\/wordpress\/wp-content\/uploads\/cropped-background-2.jpg 512w, https:\/\/www.autal.at\/wordpress\/wp-content\/uploads\/cropped-background-2-300x300.jpg 300w, https:\/\/www.autal.at\/wordpress\/wp-content\/uploads\/cropped-background-2-150x150.jpg 150w, https:\/\/www.autal.at\/wordpress\/wp-content\/uploads\/cropped-background-2-270x270.jpg 270w, https:\/\/www.autal.at\/wordpress\/wp-content\/uploads\/cropped-background-2-192x192.jpg 192w, https:\/\/www.autal.at\/wordpress\/wp-content\/uploads\/cropped-background-2-180x180.jpg 180w, https:\/\/www.autal.at\/wordpress\/wp-content\/uploads\/cropped-background-2-32x32.jpg 32w\" sizes=\"auto, (max-width: 512px) 100vw, 512px\" \/><\/figure>\n<\/div>\n\n\n<figure class=\"wp-block-table\"><table class=\"has-fixed-layout\"><tbody><tr><td colspan=\"2\"><strong>Pfarrkalender Autal<br>M\u00e4rz &#8211; April 2026<\/strong><strong><\/strong><\/td><\/tr><tr><td>Sonntag, 1. M\u00e4rz<br>2. Fastensonntag<br>Kirche Autal<\/td><td>8.45 Uhr Familiengottesdienst mit den FirmkanditatInnen<br>Familienfasttag\/ Sterzsonntag<\/td><\/tr><tr><td>Donnerstag, 5.M\u00e4rz<br>Gepflegt Wohnen<\/td><td>15.00 Uhr Hl. Messe<br><\/td><\/tr><tr><td>Sonntag, 8. M\u00e4rz<br>3. Fastensonntag<br>Kirche Autal<\/td><td>8.45 Uhr Hl. Messe<br>anschlie\u00dfend Pfarrkaffee<\/td><\/tr><tr><td>Freitag, 13. M\u00e4rz<br>Kirche Autal<\/td><td>8.00 Uhr Hl. Messe<br><\/td><\/tr><tr><td>Sonntag, 15. M\u00e4rz<br>4. Fastensonntag<br>Kirche Autal<\/td><td>8.45 Uhr Wort-Gottes-Feier mit Bu\u00dffeier,anschlie\u00dfend Pfarrkaffee<br>14.30 Uhr Kreuzwegwanderung<\/td><\/tr><tr><td>Sonntag, 22. M\u00e4rz<br>5. Fastensonntag<br>Kirche Autal<\/td><td>8.45 Uhr Hl. Messe<br>anschlie\u00dfend Pfarrkaffee<br><\/td><\/tr><tr><td>Samstag, 28.M\u00e4rz<br>Kirche Autal<\/td><td>14.30 Uhr Palmbuschbinden<br><\/td><\/tr><tr><td>Sonntag, 29. M\u00e4rz<br>Palmsonntag<br>Kirche Autal<\/td><td>8.45 Uhr Hl. Messe mit Segnung der Palmbuschen<br>anschlie\u00dfend Pfarrkaffee<\/td><\/tr><tr><td>Donnerstag, 2. April<br>Gr\u00fcndonnerstag<br>Kirche Autal<\/td><td>18.30 Uhr Feier des letzten Abendmahles mit anschlie\u00dfender \u00d6lbergandacht<\/td><\/tr><tr><td>Freitag, 3. April<br>Karfreitag<br>Kirche Autal<\/td><td>18.30 Uhr Karfreitagsliturgie<br><br><\/td><\/tr><\/tbody><\/table><\/figure>\n\n\n\n<figure class=\"wp-block-table\"><table class=\"has-fixed-layout\"><tbody><tr><td>Samstag, 4. April<br>Karsamstag<br>Kirche Autal<br><br><\/td><td>7.00 Uhr Sendung der Weihfeuertr\u00e4ger<br>13.30 Uhr Segnung der Osterspeisen<br>20.00 Uhr Feier der Osternacht mit anschlie\u00dfender Prozession zum Friedhof<\/td><\/tr><tr><td><br><br>Kaltenbach, J\u00e4gerkapelle<br><br><br><br>Pachern-Siedlung, Josef Hartmann Gasse<br><br><br>W\u00f6bling-Kreuz<br><br><br>Tomscheweg, Erhartkapelle <br><br><br>Tirolerhofkreuz<br><br><\/td><td><br>14.00 Uhr Segnung der Osterspeisen<br><br><br>14.30 Uhr Segnung der Osterspeisen<br><br><br>15.00 Uhr Segnung der Osterspeisen<br><br>15.30 Uhr Segnung der Osterspeisen<br><br>16.00 Uhr Segnung der Osterspeisen<\/td><\/tr><tr><td>Sonntag, 5. April<br>Ostersonntag<br>Kirche Autal<\/td><td>8.45 Uhr Hl. Messe<br><br><\/td><\/tr><tr><td>Montag, 6. April<br>Ostermontag<br>Kirche Autal<\/td><td>8.45 Uhr Hl. Messe, Ostermontag<br>anschlie\u00dfend Pfarrkaffee<br><\/td><\/tr><tr><td>Donnerstag, 9. April<br>Gepflegt Wohnen<\/td><td>15.00 Uhr Hl. Messe<br><\/td><\/tr><tr><td>Sonntag, 12. April<br>Kirche Autal<\/td><td>8.45 Uhr Hl. Messe mit Firmung<br>11.00 Uhr Hl. Messe mit Firmung<\/td><\/tr><tr><td>Freitag, 17. April<br>Kirche Autal<\/td><td>8.00 Uhr Hl. Messe<br><\/td><\/tr><tr><td>Sonntag, 19. April<br>Kirche Autal<\/td><td>8.45 Uhr Wort-Gottes-Feier<br>anschlie\u00dfend Pfarrkaffee<\/td><\/tr><tr><td>Samstag, 25.April<br>Pfarrsaal Autal<\/td><td>Frauenrunde<br><\/td><\/tr><tr><td>Sonntag, 26. April<br>Kirche Autal<\/td><td>8.45 Uhr Hl. Messe<br>anschlie\u00dfend Pfarrkaffee<\/td><\/tr><\/tbody><\/table><\/figure>\n\n\n\n<p><\/p>\n\n\n\n<p><\/p>\n","protected":false},"excerpt":{"rendered":"<p>Pfarrkalender AutalM\u00e4rz &#8211; April 2026 Sonntag, 1. M\u00e4rz2. FastensonntagKirche Autal 8.45 Uhr Familiengottesdienst mit den FirmkanditatInnenFamilienfasttag\/ Sterzsonntag Donnerstag, 5.M\u00e4rzGepflegt Wohnen 15.00 Uhr Hl. Messe Sonntag, 8. M\u00e4rz3. FastensonntagKirche Autal 8.45 Uhr Hl. Messeanschlie\u00dfend Pfarrkaffee Freitag, 13. M\u00e4rzKirche Autal 8.00 Uhr Hl. Messe Sonntag, 15. M\u00e4rz4. FastensonntagKirche Autal 8.45 Uhr Wort-Gottes-Feier mit Bu\u00dffeier,anschlie\u00dfend Pfarrkaffee14.30 Uhr Kreuzwegwanderung [&hellip;]<\/p>\n","protected":false},"author":2,"featured_media":0,"parent":0,"menu_order":0,"comment_status":"closed","ping_status":"closed","template":"","meta":{"footnotes":""},"class_list":["post-47","page","type-page","status-publish","hentry"],"_links":{"self":[{"href":"https:\/\/www.autal.at\/wordpress\/wp-json\/wp\/v2\/pages\/47","targetHints":{"allow":["GET"]}}],"collection":[{"href":"https:\/\/www.autal.at\/wordpress\/wp-json\/wp\/v2\/pages"}],"about":[{"href":"https:\/\/www.autal.at\/wordpress\/wp-json\/wp\/v2\/types\/page"}],"author":[{"embeddable":true,"href":"https:\/\/www.autal.at\/wordpress\/wp-json\/wp\/v2\/users\/2"}],"replies":[{"embeddable":true,"href":"https:\/\/www.autal.at\/wordpress\/wp-json\/wp\/v2\/comments?post=47"}],"version-history":[{"count":74,"href":"https:\/\/www.autal.at\/wordpress\/wp-json\/wp\/v2\/pages\/47\/revisions"}],"predecessor-version":[{"id":819,"href":"https:\/\/www.autal.at\/wordpress\/wp-json\/wp\/v2\/pages\/47\/revisions\/819"}],"wp:attachment":[{"href":"https:\/\/www.autal.at\/wordpress\/wp-json\/wp\/v2\/media?parent=47"}],"curies":[{"name":"wp","href":"https:\/\/api.w.org\/{rel}","templated":true}]}}